{"id":3195,"date":"2024-12-12T10:36:56","date_gmt":"2024-12-12T09:36:56","guid":{"rendered":"https:\/\/2024.piloteslehavre.fr\/mentions-legales\/"},"modified":"2025-01-21T15:01:05","modified_gmt":"2025-01-21T14:01:05","slug":"terms-of-use","status":"publish","type":"page","link":"https:\/\/piloteslehavre.fr\/en\/contacts\/terms-of-use\/","title":{"rendered":"Terms of use"},"content":{"rendered":"[vc_row type=&#8221;in_container&#8221; full_screen_row_position=&#8221;middle&#8221; column_margin=&#8221;default&#8221; column_direction=&#8221;default&#8221; column_direction_tablet=&#8221;default&#8221; column_direction_phone=&#8221;default&#8221; scene_position=&#8221;center&#8221; top_padding=&#8221;8%&#8221; bottom_padding=&#8221;8%&#8221; left_padding_desktop=&#8221;25%&#8221; right_padding_desktop=&#8221;25%&#8221; left_padding_tablet=&#8221;0&#8243; constrain_group_4=&#8221;yes&#8221; right_padding_tablet=&#8221;0&#8243; left_padding_phone=&#8221;0&#8243; constrain_group_6=&#8221;yes&#8221; right_padding_phone=&#8221;0&#8243; text_color=&#8221;dark&#8221; text_align=&#8221;left&#8221; row_border_radius=&#8221;none&#8221; row_border_radius_applies=&#8221;bg&#8221; overflow=&#8221;visible&#8221; overlay_strength=&#8221;0.3&#8243; gradient_direction=&#8221;left_to_right&#8221; shape_divider_position=&#8221;bottom&#8221; bg_image_animation=&#8221;none&#8221; gradient_type=&#8221;default&#8221; shape_type=&#8221;&#8221;][vc_column column_padding=&#8221;no-extra-padding&#8221; column_padding_tablet=&#8221;inherit&#8221; column_padding_phone=&#8221;inherit&#8221; column_padding_position=&#8221;all&#8221; column_element_direction_desktop=&#8221;default&#8221; column_element_spacing=&#8221;default&#8221; desktop_text_alignment=&#8221;default&#8221; tablet_text_alignment=&#8221;default&#8221; phone_text_alignment=&#8221;default&#8221; background_color_opacity=&#8221;1&#8243; background_hover_color_opacity=&#8221;1&#8243; column_backdrop_filter=&#8221;none&#8221; column_shadow=&#8221;none&#8221; column_border_radius=&#8221;none&#8221; column_link_target=&#8221;_self&#8221; column_position=&#8221;default&#8221; gradient_direction=&#8221;left_to_right&#8221; overlay_strength=&#8221;0.3&#8243; width=&#8221;1\/1&#8243; tablet_width_inherit=&#8221;default&#8221; animation_type=&#8221;default&#8221; bg_image_animation=&#8221;none&#8221; border_type=&#8221;simple&#8221; column_border_width=&#8221;none&#8221; column_border_style=&#8221;solid&#8221;][vc_column_text css=&#8221;&#8221; text_direction=&#8221;default&#8221;]This website can be accessed at piloteslehavre.fr and is published by :<\/p>\n<p><strong>Syndicat Pilotes Station Havre F\u00e9camp (pilhavre)<\/strong><br \/>\nPublishing director: M. Thierry GAZENGEL<br \/>\nSIREN : 781048723<\/p>\n<p>Quai de la marine<br \/>\n76600 LE HAVRE &#8211; FRANCE<br \/>\nAccess: Port du Havre 3858<br \/>\nPhone: 02 35 19 28 40<\/p>\n<p>Phone: +33 3 28 55 51 18<br \/>\ncontact@piloteslehavre.fr<\/p>\n<h3>Host<\/h3>\n<p>The piloteslehavre.fr website is hosted by the company:<\/p>\n<p>IONOS SARL<br \/>\n7, place de la Gare BP 70109<br \/>\n57200 Sarreguemines Cedex<br \/>\n431 303 775 RCS Sarreguemines<br \/>\nPhone: 0970 808 911<br \/>\ninfo@IONOS.fr<\/p>\n<h4>Design<\/h4>\n<p>Gonzalo CACERES &#8211; Studio Design<br \/>\ncaceres.be<\/p>\n<h4>Image credits<\/h4>\n<p>Station de Pilotage du Havre F\u00e9camp, Pierre Castetz, Rolland Grard, \u00c9ric Houri, Gendarmerie maritime du Havre, Gonzalo Caceres, Pymouss (Le Marie-Fernand \u00e0 Brest 2016), Christian Quillere (Association L&#8217;Hirondelle de la Manche).<\/p>\n<h4>Privacy policy<\/h4>\n<p>(European regulation n\u00b0 2016\/679, on the protection of personal data)<\/p>\n<p>We take your privacy very seriously. We are committed to protecting your personal data.<\/p>\n<h4>What data do we hold?<\/h4>\n<p>The personal data we hold are those you provide to us in order to obtain information from us, such as your surname, first name, company, email, telephone number.<\/p>\n<h4>Cookies<\/h4>\n<p>When you visit our site, cookies may be deposited on your computer. With the exception of totally anonymous and purely technical cookies required for navigation.<\/p>\n<h4>What do we use this data for?<\/h4>\n<p>To answer all your questions sent directly from a contact form on our website;<\/p>\n<p>Your personal data is processed in accordance with the legal requirements we are obliged to meet and in compliance with the General Data Protection Regulation (RGPD).<\/p>\n<p>Under no circumstances will this data be communicated for commercial prospecting purposes.<\/p>\n<h4>Your rights<\/h4>\n<p>Your personal data is kept indefinitely from the moment it is transmitted to us. However, in accordance with EU Regulation 2016 \/ 679 of April 27, 2016, you have the right to access, modify and delete your data, which you can send to us by e-mail or by post to the address shown above.<\/p>\n<p>The person responsible for processing the data collected on this site is the publication director whose name is mentioned above.<\/p>\n<h4>Intellectual property rights<\/h4>\n<p>All trademarks, images, illustrations, product or service names, domain names and company names mentioned on this site remain the property of their respective owners.<\/p>\n<p>All reproduction rights are strictly reserved by La Station de Pilotage du Havre F\u00e9camp. You are in no way authorized to use the data contained on the pilotslehavre.fr site without our consent.<\/p>\n<h4>Limitation of liability<\/h4>\n<p>The Station de Pilotage du Havre F\u00e9camp excludes all warranties of any kind with regard to the content, and in particular all warranties of quality, fitness for a particular purpose and title. Furthermore, the site may contain inaccuracies or typographical errors. Changes and updates are regularly made to the present site. La Station de Pilotage du Havre F\u00e9camp reserves the right to make any modification, rectification or change at any time. Links on this Site will let you leave the Site. These links are provided for your convenience only, and do not imply any endorsement or approval of such sites by the Station de Pilotage du Havre F\u00e9camp. The linked sites are not under the control of the Station de Pilotage du Havre F\u00e9camp and the Station de Pilotage du Havre F\u00e9camp is not responsible for the contents of any linked site or any link contained in a linked site, any product or service they provide, or any changes or updates to such sites.<\/p>\n<p>All information contained on this site is provided for information purposes only, and La Station de Pilotage du Havre F\u00e9camp cannot be held liable in any way whatsoever.[\/vc_column_text][\/vc_column][\/vc_row]\n","protected":false},"excerpt":{"rendered":"<p>[vc_row type=&#8221;in_container&#8221; full_screen_row_position=&#8221;middle&#8221; column_margin=&#8221;default&#8221; column_direction=&#8221;default&#8221; column_direction_tablet=&#8221;default&#8221; column_direction_phone=&#8221;default&#8221; scene_position=&#8221;center&#8221; top_padding=&#8221;8%&#8221; bottom_padding=&#8221;8%&#8221; left_padding_desktop=&#8221;25%&#8221; right_padding_desktop=&#8221;25%&#8221; left_padding_tablet=&#8221;0&#8243; constrain_group_4=&#8221;yes&#8221; right_padding_tablet=&#8221;0&#8243; left_padding_phone=&#8221;0&#8243; constrain_group_6=&#8221;yes&#8221; right_padding_phone=&#8221;0&#8243; text_color=&#8221;dark&#8221; text_align=&#8221;left&#8221; row_border_radius=&#8221;none&#8221; row_border_radius_applies=&#8221;bg&#8221; overflow=&#8221;visible&#8221; overlay_strength=&#8221;0.3&#8243; gradient_direction=&#8221;left_to_right&#8221; shape_divider_position=&#8221;bottom&#8221; bg_image_animation=&#8221;none&#8221; gradient_type=&#8221;default&#8221; shape_type=&#8221;&#8221;][vc_column column_padding=&#8221;no-extra-padding&#8221;&#8230;<\/p>\n","protected":false},"author":1,"featured_media":0,"parent":3210,"menu_order":9,"comment_status":"closed","ping_status":"closed","template":"","meta":{"inline_featured_image":false,"footnotes":""},"class_list":["post-3195","page","type-page","status-publish"],"yoast_head":"<!-- This site is optimized with the Yoast SEO plugin v26.8 - https:\/\/yoast.com\/product\/yoast-seo-wordpress\/ -->\n<title>Terms of use - Station de Pilotage Le Havre - F\u00e9camp<\/title>\n<meta name=\"robots\" content=\"index, follow, max-snippet:-1, max-image-preview:large, max-video-preview:-1\" \/>\n<link rel=\"canonical\" href=\"https:\/\/piloteslehavre.fr\/contacts\/mentions-legales\/\" \/>\n<meta property=\"og:locale\" content=\"en_US\" \/>\n<meta property=\"og:type\" content=\"article\" \/>\n<meta property=\"og:title\" content=\"Terms of use - Station de Pilotage Le Havre - F\u00e9camp\" \/>\n<meta property=\"og:description\" content=\"[vc_row type=&#8221;in_container&#8221; full_screen_row_position=&#8221;middle&#8221; column_margin=&#8221;default&#8221; column_direction=&#8221;default&#8221; column_direction_tablet=&#8221;default&#8221; column_direction_phone=&#8221;default&#8221; scene_position=&#8221;center&#8221; top_padding=&#8221;8%&#8221; bottom_padding=&#8221;8%&#8221; left_padding_desktop=&#8221;25%&#8221; right_padding_desktop=&#8221;25%&#8221; left_padding_tablet=&#8221;0&#8243; constrain_group_4=&#8221;yes&#8221; right_padding_tablet=&#8221;0&#8243; left_padding_phone=&#8221;0&#8243; constrain_group_6=&#8221;yes&#8221; right_padding_phone=&#8221;0&#8243; text_color=&#8221;dark&#8221; text_align=&#8221;left&#8221; row_border_radius=&#8221;none&#8221; row_border_radius_applies=&#8221;bg&#8221; overflow=&#8221;visible&#8221; overlay_strength=&#8221;0.3&#8243; gradient_direction=&#8221;left_to_right&#8221; shape_divider_position=&#8221;bottom&#8221; bg_image_animation=&#8221;none&#8221; gradient_type=&#8221;default&#8221; shape_type=&#8221;&#8221;][vc_column column_padding=&#8221;no-extra-padding&#8221;...\" \/>\n<meta property=\"og:url\" content=\"https:\/\/piloteslehavre.fr\/contacts\/mentions-legales\/\" \/>\n<meta property=\"og:site_name\" content=\"Station de Pilotage Le Havre - F\u00e9camp\" \/>\n<meta property=\"article:modified_time\" content=\"2025-01-21T14:01:05+00:00\" \/>\n<meta name=\"twitter:card\" content=\"summary_large_image\" \/>\n<meta name=\"twitter:label1\" content=\"Est. reading time\" \/>\n\t<meta name=\"twitter:data1\" content=\"4 minutes\" \/>\n<script type=\"application\/ld+json\" class=\"yoast-schema-graph\">{\"@context\":\"https:\/\/schema.org\",\"@graph\":[{\"@type\":\"WebPage\",\"@id\":\"https:\/\/piloteslehavre.fr\/contacts\/mentions-legales\/\",\"url\":\"https:\/\/piloteslehavre.fr\/contacts\/mentions-legales\/\",\"name\":\"Terms of use - Station de Pilotage Le Havre - F\u00e9camp\",\"isPartOf\":{\"@id\":\"https:\/\/piloteslehavre.fr\/en\/#website\"},\"datePublished\":\"2024-12-12T09:36:56+00:00\",\"dateModified\":\"2025-01-21T14:01:05+00:00\",\"breadcrumb\":{\"@id\":\"https:\/\/piloteslehavre.fr\/contacts\/mentions-legales\/#breadcrumb\"},\"inLanguage\":\"en-US\",\"potentialAction\":[{\"@type\":\"ReadAction\",\"target\":[\"https:\/\/piloteslehavre.fr\/contacts\/mentions-legales\/\"]}]},{\"@type\":\"BreadcrumbList\",\"@id\":\"https:\/\/piloteslehavre.fr\/contacts\/mentions-legales\/#breadcrumb\",\"itemListElement\":[{\"@type\":\"ListItem\",\"position\":1,\"name\":\"Accueil\",\"item\":\"https:\/\/piloteslehavre.fr\/en\/\"},{\"@type\":\"ListItem\",\"position\":2,\"name\":\"Contacts\",\"item\":\"https:\/\/piloteslehavre.fr\/contacts\/\"},{\"@type\":\"ListItem\",\"position\":3,\"name\":\"Terms of use\"}]},{\"@type\":\"WebSite\",\"@id\":\"https:\/\/piloteslehavre.fr\/en\/#website\",\"url\":\"https:\/\/piloteslehavre.fr\/en\/\",\"name\":\"Station de Pilotage Le Havre - F\u00e9camp\",\"description\":\"\",\"potentialAction\":[{\"@type\":\"SearchAction\",\"target\":{\"@type\":\"EntryPoint\",\"urlTemplate\":\"https:\/\/piloteslehavre.fr\/en\/?s={search_term_string}\"},\"query-input\":{\"@type\":\"PropertyValueSpecification\",\"valueRequired\":true,\"valueName\":\"search_term_string\"}}],\"inLanguage\":\"en-US\"}]}<\/script>\n<!-- \/ Yoast SEO plugin. -->","yoast_head_json":{"title":"Terms of use - Station de Pilotage Le Havre - F\u00e9camp","robots":{"index":"index","follow":"follow","max-snippet":"max-snippet:-1","max-image-preview":"max-image-preview:large","max-video-preview":"max-video-preview:-1"},"canonical":"https:\/\/piloteslehavre.fr\/contacts\/mentions-legales\/","og_locale":"en_US","og_type":"article","og_title":"Terms of use - Station de Pilotage Le Havre - F\u00e9camp","og_description":"[vc_row type=&#8221;in_container&#8221; full_screen_row_position=&#8221;middle&#8221; column_margin=&#8221;default&#8221; column_direction=&#8221;default&#8221; column_direction_tablet=&#8221;default&#8221; column_direction_phone=&#8221;default&#8221; scene_position=&#8221;center&#8221; top_padding=&#8221;8%&#8221; bottom_padding=&#8221;8%&#8221; left_padding_desktop=&#8221;25%&#8221; right_padding_desktop=&#8221;25%&#8221; left_padding_tablet=&#8221;0&#8243; constrain_group_4=&#8221;yes&#8221; right_padding_tablet=&#8221;0&#8243; left_padding_phone=&#8221;0&#8243; constrain_group_6=&#8221;yes&#8221; right_padding_phone=&#8221;0&#8243; text_color=&#8221;dark&#8221; text_align=&#8221;left&#8221; row_border_radius=&#8221;none&#8221; row_border_radius_applies=&#8221;bg&#8221; overflow=&#8221;visible&#8221; overlay_strength=&#8221;0.3&#8243; gradient_direction=&#8221;left_to_right&#8221; shape_divider_position=&#8221;bottom&#8221; bg_image_animation=&#8221;none&#8221; gradient_type=&#8221;default&#8221; shape_type=&#8221;&#8221;][vc_column column_padding=&#8221;no-extra-padding&#8221;...","og_url":"https:\/\/piloteslehavre.fr\/contacts\/mentions-legales\/","og_site_name":"Station de Pilotage Le Havre - F\u00e9camp","article_modified_time":"2025-01-21T14:01:05+00:00","twitter_card":"summary_large_image","twitter_misc":{"Est. reading time":"4 minutes"},"schema":{"@context":"https:\/\/schema.org","@graph":[{"@type":"WebPage","@id":"https:\/\/piloteslehavre.fr\/contacts\/mentions-legales\/","url":"https:\/\/piloteslehavre.fr\/contacts\/mentions-legales\/","name":"Terms of use - Station de Pilotage Le Havre - F\u00e9camp","isPartOf":{"@id":"https:\/\/piloteslehavre.fr\/en\/#website"},"datePublished":"2024-12-12T09:36:56+00:00","dateModified":"2025-01-21T14:01:05+00:00","breadcrumb":{"@id":"https:\/\/piloteslehavre.fr\/contacts\/mentions-legales\/#breadcrumb"},"inLanguage":"en-US","potentialAction":[{"@type":"ReadAction","target":["https:\/\/piloteslehavre.fr\/contacts\/mentions-legales\/"]}]},{"@type":"BreadcrumbList","@id":"https:\/\/piloteslehavre.fr\/contacts\/mentions-legales\/#breadcrumb","itemListElement":[{"@type":"ListItem","position":1,"name":"Accueil","item":"https:\/\/piloteslehavre.fr\/en\/"},{"@type":"ListItem","position":2,"name":"Contacts","item":"https:\/\/piloteslehavre.fr\/contacts\/"},{"@type":"ListItem","position":3,"name":"Terms of use"}]},{"@type":"WebSite","@id":"https:\/\/piloteslehavre.fr\/en\/#website","url":"https:\/\/piloteslehavre.fr\/en\/","name":"Station de Pilotage Le Havre - F\u00e9camp","description":"","potentialAction":[{"@type":"SearchAction","target":{"@type":"EntryPoint","urlTemplate":"https:\/\/piloteslehavre.fr\/en\/?s={search_term_string}"},"query-input":{"@type":"PropertyValueSpecification","valueRequired":true,"valueName":"search_term_string"}}],"inLanguage":"en-US"}]}},"_links":{"self":[{"href":"https:\/\/piloteslehavre.fr\/en\/wp-json\/wp\/v2\/pages\/3195","targetHints":{"allow":["GET"]}}],"collection":[{"href":"https:\/\/piloteslehavre.fr\/en\/wp-json\/wp\/v2\/pages"}],"about":[{"href":"https:\/\/piloteslehavre.fr\/en\/wp-json\/wp\/v2\/types\/page"}],"author":[{"embeddable":true,"href":"https:\/\/piloteslehavre.fr\/en\/wp-json\/wp\/v2\/users\/1"}],"replies":[{"embeddable":true,"href":"https:\/\/piloteslehavre.fr\/en\/wp-json\/wp\/v2\/comments?post=3195"}],"version-history":[{"count":3,"href":"https:\/\/piloteslehavre.fr\/en\/wp-json\/wp\/v2\/pages\/3195\/revisions"}],"predecessor-version":[{"id":3678,"href":"https:\/\/piloteslehavre.fr\/en\/wp-json\/wp\/v2\/pages\/3195\/revisions\/3678"}],"up":[{"embeddable":true,"href":"https:\/\/piloteslehavre.fr\/en\/wp-json\/wp\/v2\/pages\/3210"}],"wp:attachment":[{"href":"https:\/\/piloteslehavre.fr\/en\/wp-json\/wp\/v2\/media?parent=3195"}],"curies":[{"name":"wp","href":"https:\/\/api.w.org\/{rel}","templated":true}]}}