{"id":3205,"date":"2024-12-09T15:29:39","date_gmt":"2024-12-09T14:29:39","guid":{"rendered":"https:\/\/2024.piloteslehavre.fr\/galerie-photo\/"},"modified":"2025-02-05T17:28:36","modified_gmt":"2025-02-05T16:28:36","slug":"galerie-photo","status":"publish","type":"page","link":"https:\/\/piloteslehavre.fr\/en\/media\/galerie-photo\/","title":{"rendered":"Photo gallery"},"content":{"rendered":"[vc_row type=&#8221;in_container&#8221; full_screen_row_position=&#8221;middle&#8221; column_margin=&#8221;default&#8221; column_direction=&#8221;default&#8221; column_direction_tablet=&#8221;default&#8221; column_direction_phone=&#8221;default&#8221; scene_position=&#8221;center&#8221; top_padding=&#8221;3%&#8221; left_padding_desktop=&#8221;6%&#8221; constrain_group_2=&#8221;yes&#8221; right_padding_desktop=&#8221;6%&#8221; text_color=&#8221;dark&#8221; text_align=&#8221;left&#8221; row_border_radius=&#8221;none&#8221; row_border_radius_applies=&#8221;bg&#8221; overflow=&#8221;visible&#8221; overlay_strength=&#8221;0.3&#8243; gradient_direction=&#8221;left_to_right&#8221; shape_divider_position=&#8221;bottom&#8221; bg_image_animation=&#8221;none&#8221; gradient_type=&#8221;default&#8221; shape_type=&#8221;&#8221;][vc_column column_padding=&#8221;no-extra-padding&#8221; column_padding_tablet=&#8221;inherit&#8221; column_padding_phone=&#8221;inherit&#8221; column_padding_position=&#8221;all&#8221; column_element_direction_desktop=&#8221;default&#8221; column_element_spacing=&#8221;default&#8221; desktop_text_alignment=&#8221;default&#8221; tablet_text_alignment=&#8221;default&#8221; phone_text_alignment=&#8221;default&#8221; background_color_opacity=&#8221;1&#8243; background_hover_color_opacity=&#8221;1&#8243; column_backdrop_filter=&#8221;none&#8221; column_shadow=&#8221;none&#8221; column_border_radius=&#8221;none&#8221; column_link_target=&#8221;_self&#8221; column_position=&#8221;default&#8221; gradient_direction=&#8221;left_to_right&#8221; overlay_strength=&#8221;0.3&#8243; width=&#8221;1\/1&#8243; tablet_width_inherit=&#8221;default&#8221; animation_type=&#8221;default&#8221; bg_image_animation=&#8221;none&#8221; border_type=&#8221;simple&#8221; column_border_width=&#8221;none&#8221; column_border_style=&#8221;solid&#8221;][split_line_heading animation_type=&#8221;line-reveal-by-space&#8221; font_style=&#8221;h1&#8243; line_reveal_by_space_text_effect=&#8221;letter-reveal-bottom&#8221; stagger_animation=&#8221;true&#8221; mobile_disable_animation=&#8221;true&#8221; content_alignment=&#8221;center&#8221; mobile_content_alignment=&#8221;inherit&#8221; link_target=&#8221;_self&#8221; text_content=&#8221;Photo gallery&#8221; text_direction=&#8221;default&#8221; font_line_height=&#8221;1.3&#8243;][\/split_line_heading][vc_row_inner column_margin=&#8221;default&#8221; column_direction=&#8221;default&#8221; column_direction_tablet=&#8221;default&#8221; column_direction_phone=&#8221;default&#8221; text_align=&#8221;left&#8221; row_position=&#8221;default&#8221; row_position_tablet=&#8221;inherit&#8221; row_position_phone=&#8221;inherit&#8221; overflow=&#8221;visible&#8221; pointer_events=&#8221;all&#8221;][vc_column_inner column_padding=&#8221;no-extra-padding&#8221; column_padding_tablet=&#8221;inherit&#8221; column_padding_phone=&#8221;inherit&#8221; column_padding_position=&#8221;all&#8221; column_element_direction_desktop=&#8221;default&#8221; column_element_spacing=&#8221;default&#8221; desktop_text_alignment=&#8221;default&#8221; tablet_text_alignment=&#8221;default&#8221; phone_text_alignment=&#8221;default&#8221; background_color_opacity=&#8221;1&#8243; background_hover_color_opacity=&#8221;1&#8243; column_backdrop_filter=&#8221;none&#8221; column_shadow=&#8221;none&#8221; column_border_radius=&#8221;none&#8221; column_link_target=&#8221;_self&#8221; overflow=&#8221;visible&#8221; gradient_direction=&#8221;left_to_right&#8221; overlay_strength=&#8221;0.3&#8243; width=&#8221;1\/6&#8243; tablet_width_inherit=&#8221;default&#8221; animation_type=&#8221;default&#8221; bg_image_animation=&#8221;none&#8221; border_type=&#8221;simple&#8221; column_border_width=&#8221;none&#8221; column_border_style=&#8221;solid&#8221;][\/vc_column_inner][vc_column_inner column_padding=&#8221;no-extra-padding&#8221; column_padding_tablet=&#8221;inherit&#8221; column_padding_phone=&#8221;inherit&#8221; column_padding_position=&#8221;all&#8221; column_element_direction_desktop=&#8221;default&#8221; column_element_spacing=&#8221;default&#8221; desktop_text_alignment=&#8221;default&#8221; tablet_text_alignment=&#8221;default&#8221; phone_text_alignment=&#8221;default&#8221; background_color_opacity=&#8221;1&#8243; background_hover_color_opacity=&#8221;1&#8243; column_backdrop_filter=&#8221;none&#8221; column_shadow=&#8221;none&#8221; column_border_radius=&#8221;none&#8221; column_link_target=&#8221;_self&#8221; overflow=&#8221;visible&#8221; gradient_direction=&#8221;left_to_right&#8221; overlay_strength=&#8221;0.3&#8243; width=&#8221;4\/6&#8243; tablet_width_inherit=&#8221;default&#8221; animation_type=&#8221;default&#8221; bg_image_animation=&#8221;none&#8221; border_type=&#8221;simple&#8221; column_border_width=&#8221;none&#8221; column_border_style=&#8221;solid&#8221;][vc_column_text css_animation=&#8221;fadeInUp&#8221; css=&#8221;&#8221; text_direction=&#8221;default&#8221;]\n<p style=\"text-align: center;\">Le Havre-F\u00e9camp Station\u2019s 48 pilots and their staff provide a 24-hour, 365-day-a-year, all-weather ship advisory service.<\/p>\n[\/vc_column_text][\/vc_column_inner][vc_column_inner column_padding=&#8221;no-extra-padding&#8221; column_padding_tablet=&#8221;inherit&#8221; column_padding_phone=&#8221;inherit&#8221; column_padding_position=&#8221;all&#8221; column_element_direction_desktop=&#8221;default&#8221; column_element_spacing=&#8221;default&#8221; desktop_text_alignment=&#8221;default&#8221; tablet_text_alignment=&#8221;default&#8221; phone_text_alignment=&#8221;default&#8221; background_color_opacity=&#8221;1&#8243; background_hover_color_opacity=&#8221;1&#8243; column_backdrop_filter=&#8221;none&#8221; column_shadow=&#8221;none&#8221; column_border_radius=&#8221;none&#8221; column_link_target=&#8221;_self&#8221; overflow=&#8221;visible&#8221; gradient_direction=&#8221;left_to_right&#8221; overlay_strength=&#8221;0.3&#8243; width=&#8221;1\/6&#8243; tablet_width_inherit=&#8221;default&#8221; animation_type=&#8221;default&#8221; bg_image_animation=&#8221;none&#8221; border_type=&#8221;simple&#8221; column_border_width=&#8221;none&#8221; column_border_style=&#8221;solid&#8221;][\/vc_column_inner][\/vc_row_inner][divider line_type=&#8221;No Line&#8221; custom_height=&#8221;40px&#8221;][split_line_heading animation_type=&#8221;line-reveal-by-space&#8221; font_style=&#8221;h2&#8243; line_reveal_by_space_text_effect=&#8221;letter-reveal-bottom&#8221; stagger_animation=&#8221;true&#8221; mobile_disable_animation=&#8221;true&#8221; content_alignment=&#8221;center&#8221; mobile_content_alignment=&#8221;inherit&#8221; link_target=&#8221;_self&#8221; text_content=&#8221;Pilots in action&#8221; text_direction=&#8221;default&#8221; font_line_height=&#8221;1.4&#8243;][\/split_line_heading][divider line_type=&#8221;No Line&#8221; custom_height=&#8221;40px&#8221;][vc_gallery css=&#8221;&#8221; type=&#8221;image_grid&#8221; images=&#8221;1037,3244,1124,3142,1122,1064,2276,1051,2745,4172,2629,1123,1058,1061,1008,1147,1039,1049,1056,995,1009,1010,1012,1053,1057,1059,1060,1062,1063,1065,3098,2609,2227&#8243; image_grid_loading=&#8221;lazy-load&#8221; layout=&#8221;3&#8243; masonry_style=&#8221;true&#8221; item_spacing=&#8221;4px&#8221; gallery_style=&#8221;7&#8243; load_in_animation=&#8221;fade_in&#8221; img_size=&#8221;full&#8221;][divider line_type=&#8221;No Line&#8221; custom_height=&#8221;40px&#8221;][split_line_heading animation_type=&#8221;line-reveal-by-space&#8221; font_style=&#8221;h2&#8243; line_reveal_by_space_text_effect=&#8221;letter-reveal-bottom&#8221; stagger_animation=&#8221;true&#8221; mobile_disable_animation=&#8221;true&#8221; content_alignment=&#8221;center&#8221; mobile_content_alignment=&#8221;inherit&#8221; link_target=&#8221;_self&#8221; text_content=&#8221;Feet&#8221; text_direction=&#8221;default&#8221; font_line_height=&#8221;1.4&#8243;][\/split_line_heading][divider line_type=&#8221;No Line&#8221; custom_height=&#8221;40px&#8221;][vc_gallery css=&#8221;&#8221; type=&#8221;image_grid&#8221; images=&#8221;1081,4185,4124,4193,1151,4118,1150,1100,1099,4183,1096,1098,1097,1104,1106,1105,999,1014,1082,1086,1083,1084,1085,1087,1088,1089,1090,1091,4121,1094,1093,1116,2452,2600,1092&#8243; image_grid_loading=&#8221;lazy-load&#8221; layout=&#8221;3&#8243; masonry_style=&#8221;true&#8221; item_spacing=&#8221;4px&#8221; gallery_style=&#8221;7&#8243; load_in_animation=&#8221;fade_in&#8221; img_size=&#8221;full&#8221;][divider line_type=&#8221;No Line&#8221; custom_height=&#8221;40px&#8221;][split_line_heading animation_type=&#8221;line-reveal-by-space&#8221; font_style=&#8221;h2&#8243; line_reveal_by_space_text_effect=&#8221;letter-reveal-bottom&#8221; stagger_animation=&#8221;true&#8221; mobile_disable_animation=&#8221;true&#8221; content_alignment=&#8221;center&#8221; mobile_content_alignment=&#8221;inherit&#8221; link_target=&#8221;_self&#8221; text_content=&#8221;The simulator&#8221; text_direction=&#8221;default&#8221; font_line_height=&#8221;1.4&#8243;][\/split_line_heading][divider line_type=&#8221;No Line&#8221; custom_height=&#8221;40px&#8221;][vc_gallery css=&#8221;&#8221; type=&#8221;image_grid&#8221; images=&#8221;3084,3098,3079,3081,3099,3101,3096,3082,3093,3104&#8243; image_grid_loading=&#8221;lazy-load&#8221; layout=&#8221;3&#8243; masonry_style=&#8221;true&#8221; item_spacing=&#8221;4px&#8221; gallery_style=&#8221;7&#8243; load_in_animation=&#8221;fade_in&#8221; img_size=&#8221;full&#8221;][split_line_heading animation_type=&#8221;line-reveal-by-space&#8221; font_style=&#8221;h2&#8243; line_reveal_by_space_text_effect=&#8221;letter-reveal-bottom&#8221; stagger_animation=&#8221;true&#8221; mobile_disable_animation=&#8221;true&#8221; content_alignment=&#8221;center&#8221; mobile_content_alignment=&#8221;inherit&#8221; link_target=&#8221;_self&#8221; text_content=&#8221;Training on manned models&#8221; text_direction=&#8221;default&#8221; font_line_height=&#8221;1.4&#8243;][\/split_line_heading][divider line_type=&#8221;No Line&#8221; custom_height=&#8221;40px&#8221;][vc_gallery css=&#8221;&#8221; type=&#8221;image_grid&#8221; images=&#8221;1067,1068,1069,1070,1071,1072,1073,1074,1075,1076,1077,1078,1079&#8243; image_grid_loading=&#8221;lazy-load&#8221; layout=&#8221;3&#8243; masonry_style=&#8221;true&#8221; item_spacing=&#8221;4px&#8221; gallery_style=&#8221;7&#8243; load_in_animation=&#8221;fade_in&#8221; img_size=&#8221;full&#8221;][divider line_type=&#8221;No Line&#8221; custom_height=&#8221;40px&#8221;][split_line_heading animation_type=&#8221;line-reveal-by-space&#8221; font_style=&#8221;h2&#8243; line_reveal_by_space_text_effect=&#8221;letter-reveal-bottom&#8221; stagger_animation=&#8221;true&#8221; mobile_disable_animation=&#8221;true&#8221; content_alignment=&#8221;center&#8221; mobile_content_alignment=&#8221;inherit&#8221; link_target=&#8221;_self&#8221; text_content=&#8221;F\u00e9camp&#8221; text_direction=&#8221;default&#8221; font_line_height=&#8221;1.4&#8243;][\/split_line_heading][vc_gallery css=&#8221;&#8221; type=&#8221;image_grid&#8221; images=&#8221;3055,3056,3059,3057,3058,3061,1112,3060,1113,1120&#8243; image_grid_loading=&#8221;lazy-load&#8221; layout=&#8221;3&#8243; masonry_style=&#8221;true&#8221; item_spacing=&#8221;4px&#8221; gallery_style=&#8221;7&#8243; load_in_animation=&#8221;fade_in&#8221; img_size=&#8221;full&#8221;][divider line_type=&#8221;No Line&#8221; custom_height=&#8221;40px&#8221;][split_line_heading animation_type=&#8221;line-reveal-by-space&#8221; font_style=&#8221;h2&#8243; line_reveal_by_space_text_effect=&#8221;letter-reveal-bottom&#8221; stagger_animation=&#8221;true&#8221; mobile_disable_animation=&#8221;true&#8221; content_alignment=&#8221;center&#8221; mobile_content_alignment=&#8221;inherit&#8221; link_target=&#8221;_self&#8221; text_content=&#8221;Ships&#8221; text_direction=&#8221;default&#8221; font_line_height=&#8221;1.4&#8243;][\/split_line_heading][vc_gallery css=&#8221;&#8221; type=&#8221;image_grid&#8221; images=&#8221;3785,3939,4089,1133,3940,1128,1157,1156,1130,1131,1132,1134,1143,1135,1136,1137,1145,1159,1126,1160,4035,4118,2127&#8243; image_grid_loading=&#8221;lazy-load&#8221; layout=&#8221;3&#8243; masonry_style=&#8221;true&#8221; item_spacing=&#8221;4px&#8221; gallery_style=&#8221;7&#8243; load_in_animation=&#8221;fade_in&#8221; img_size=&#8221;full&#8221;][\/vc_column][\/vc_row][vc_row type=&#8221;in_container&#8221; full_screen_row_position=&#8221;middle&#8221; column_margin=&#8221;default&#8221; column_direction=&#8221;default&#8221; column_direction_tablet=&#8221;default&#8221; column_direction_phone=&#8221;default&#8221; scene_position=&#8221;center&#8221; text_color=&#8221;dark&#8221; text_align=&#8221;left&#8221; row_border_radius=&#8221;none&#8221; row_border_radius_applies=&#8221;bg&#8221; overflow=&#8221;visible&#8221; overlay_strength=&#8221;0.3&#8243; gradient_direction=&#8221;left_to_right&#8221; shape_divider_position=&#8221;bottom&#8221; bg_image_animation=&#8221;none&#8221;][vc_column column_padding=&#8221;no-extra-padding&#8221; column_padding_tablet=&#8221;inherit&#8221; column_padding_phone=&#8221;inherit&#8221; column_padding_position=&#8221;all&#8221; column_element_direction_desktop=&#8221;default&#8221; column_element_spacing=&#8221;default&#8221; desktop_text_alignment=&#8221;default&#8221; tablet_text_alignment=&#8221;default&#8221; phone_text_alignment=&#8221;default&#8221; background_color_opacity=&#8221;1&#8243; background_hover_color_opacity=&#8221;1&#8243; column_backdrop_filter=&#8221;none&#8221; column_shadow=&#8221;none&#8221; column_border_radius=&#8221;none&#8221; column_link_target=&#8221;_self&#8221; column_position=&#8221;default&#8221; gradient_direction=&#8221;left_to_right&#8221; overlay_strength=&#8221;0.3&#8243; width=&#8221;1\/1&#8243; tablet_width_inherit=&#8221;default&#8221; animation_type=&#8221;default&#8221; bg_image_animation=&#8221;none&#8221; border_type=&#8221;simple&#8221; column_border_width=&#8221;none&#8221; column_border_style=&#8221;solid&#8221;][divider line_type=&#8221;No Line&#8221; custom_height=&#8221;80px&#8221;][\/vc_column][\/vc_row]\n","protected":false},"excerpt":{"rendered":"<p>[vc_row type=&#8221;in_container&#8221; full_screen_row_position=&#8221;middle&#8221; column_margin=&#8221;default&#8221; column_direction=&#8221;default&#8221; column_direction_tablet=&#8221;default&#8221; column_direction_phone=&#8221;default&#8221; scene_position=&#8221;center&#8221; top_padding=&#8221;3%&#8221; left_padding_desktop=&#8221;6%&#8221; constrain_group_2=&#8221;yes&#8221; right_padding_desktop=&#8221;6%&#8221; text_color=&#8221;dark&#8221; text_align=&#8221;left&#8221; row_border_radius=&#8221;none&#8221; row_border_radius_applies=&#8221;bg&#8221; overflow=&#8221;visible&#8221; overlay_strength=&#8221;0.3&#8243; gradient_direction=&#8221;left_to_right&#8221; shape_divider_position=&#8221;bottom&#8221; bg_image_animation=&#8221;none&#8221; gradient_type=&#8221;default&#8221; shape_type=&#8221;&#8221;][vc_column column_padding=&#8221;no-extra-padding&#8221; column_padding_tablet=&#8221;inherit&#8221; column_padding_phone=&#8221;inherit&#8221; column_padding_position=&#8221;all&#8221; column_element_direction_desktop=&#8221;default&#8221; column_element_spacing=&#8221;default&#8221; desktop_text_alignment=&#8221;default&#8221;&#8230;<\/p>\n","protected":false},"author":1,"featured_media":3207,"parent":3211,"menu_order":3,"comment_status":"closed","ping_status":"closed","template":"","meta":{"inline_featured_image":false,"footnotes":""},"class_list":["post-3205","page","type-page","status-publish","has-post-thumbnail"],"yoast_head":"<!-- This site is optimized with the Yoast SEO plugin v26.8 - https:\/\/yoast.com\/product\/yoast-seo-wordpress\/ -->\n<title>Photo gallery - Station de Pilotage Le Havre - F\u00e9camp<\/title>\n<meta name=\"robots\" content=\"index, follow, max-snippet:-1, max-image-preview:large, max-video-preview:-1\" \/>\n<link rel=\"canonical\" href=\"https:\/\/piloteslehavre.fr\/medias\/galerie-photo\/\" \/>\n<meta property=\"og:locale\" content=\"en_US\" \/>\n<meta property=\"og:type\" content=\"article\" \/>\n<meta property=\"og:title\" content=\"Photo gallery - Station de Pilotage Le Havre - F\u00e9camp\" \/>\n<meta property=\"og:description\" content=\"[vc_row type=&#8221;in_container&#8221; full_screen_row_position=&#8221;middle&#8221; column_margin=&#8221;default&#8221; column_direction=&#8221;default&#8221; column_direction_tablet=&#8221;default&#8221; column_direction_phone=&#8221;default&#8221; scene_position=&#8221;center&#8221; top_padding=&#8221;3%&#8221; left_padding_desktop=&#8221;6%&#8221; constrain_group_2=&#8221;yes&#8221; right_padding_desktop=&#8221;6%&#8221; text_color=&#8221;dark&#8221; text_align=&#8221;left&#8221; row_border_radius=&#8221;none&#8221; row_border_radius_applies=&#8221;bg&#8221; overflow=&#8221;visible&#8221; overlay_strength=&#8221;0.3&#8243; gradient_direction=&#8221;left_to_right&#8221; shape_divider_position=&#8221;bottom&#8221; bg_image_animation=&#8221;none&#8221; gradient_type=&#8221;default&#8221; shape_type=&#8221;&#8221;][vc_column column_padding=&#8221;no-extra-padding&#8221; column_padding_tablet=&#8221;inherit&#8221; column_padding_phone=&#8221;inherit&#8221; column_padding_position=&#8221;all&#8221; column_element_direction_desktop=&#8221;default&#8221; column_element_spacing=&#8221;default&#8221; desktop_text_alignment=&#8221;default&#8221;...\" \/>\n<meta property=\"og:url\" content=\"https:\/\/piloteslehavre.fr\/medias\/galerie-photo\/\" \/>\n<meta property=\"og:site_name\" content=\"Station de Pilotage Le Havre - F\u00e9camp\" \/>\n<meta property=\"article:modified_time\" content=\"2025-02-05T16:28:36+00:00\" \/>\n<meta property=\"og:image\" content=\"https:\/\/piloteslehavre.fr\/wp-content\/uploads\/2025\/01\/topactu-pilhavre-17.jpg\" \/>\n\t<meta property=\"og:image:width\" content=\"1598\" \/>\n\t<meta property=\"og:image:height\" content=\"948\" \/>\n\t<meta property=\"og:image:type\" content=\"image\/jpeg\" \/>\n<meta name=\"twitter:card\" content=\"summary_large_image\" \/>\n<meta name=\"twitter:label1\" content=\"Est. reading time\" \/>\n\t<meta name=\"twitter:data1\" content=\"6 minutes\" \/>\n<script type=\"application\/ld+json\" class=\"yoast-schema-graph\">{\"@context\":\"https:\/\/schema.org\",\"@graph\":[{\"@type\":\"WebPage\",\"@id\":\"https:\/\/piloteslehavre.fr\/medias\/galerie-photo\/\",\"url\":\"https:\/\/piloteslehavre.fr\/medias\/galerie-photo\/\",\"name\":\"Photo gallery - Station de Pilotage Le Havre - F\u00e9camp\",\"isPartOf\":{\"@id\":\"https:\/\/piloteslehavre.fr\/en\/#website\"},\"primaryImageOfPage\":{\"@id\":\"https:\/\/piloteslehavre.fr\/medias\/galerie-photo\/#primaryimage\"},\"image\":{\"@id\":\"https:\/\/piloteslehavre.fr\/medias\/galerie-photo\/#primaryimage\"},\"thumbnailUrl\":\"https:\/\/piloteslehavre.fr\/wp-content\/uploads\/2025\/01\/topactu-pilhavre-17.jpg\",\"datePublished\":\"2024-12-09T14:29:39+00:00\",\"dateModified\":\"2025-02-05T16:28:36+00:00\",\"breadcrumb\":{\"@id\":\"https:\/\/piloteslehavre.fr\/medias\/galerie-photo\/#breadcrumb\"},\"inLanguage\":\"en-US\",\"potentialAction\":[{\"@type\":\"ReadAction\",\"target\":[\"https:\/\/piloteslehavre.fr\/medias\/galerie-photo\/\"]}]},{\"@type\":\"ImageObject\",\"inLanguage\":\"en-US\",\"@id\":\"https:\/\/piloteslehavre.fr\/medias\/galerie-photo\/#primaryimage\",\"url\":\"https:\/\/piloteslehavre.fr\/wp-content\/uploads\/2025\/01\/topactu-pilhavre-17.jpg\",\"contentUrl\":\"https:\/\/piloteslehavre.fr\/wp-content\/uploads\/2025\/01\/topactu-pilhavre-17.jpg\",\"width\":1598,\"height\":948,\"caption\":\"Le pilotage en images - Station de Pilotage Havre F\u00e9campEngagement de qualit\u00e9 - Station de Pilotage Havre F\u00e9camp\"},{\"@type\":\"BreadcrumbList\",\"@id\":\"https:\/\/piloteslehavre.fr\/medias\/galerie-photo\/#breadcrumb\",\"itemListElement\":[{\"@type\":\"ListItem\",\"position\":1,\"name\":\"Accueil\",\"item\":\"https:\/\/piloteslehavre.fr\/en\/\"},{\"@type\":\"ListItem\",\"position\":2,\"name\":\"Media\",\"item\":\"https:\/\/piloteslehavre.fr\/medias\/\"},{\"@type\":\"ListItem\",\"position\":3,\"name\":\"Photo gallery\"}]},{\"@type\":\"WebSite\",\"@id\":\"https:\/\/piloteslehavre.fr\/en\/#website\",\"url\":\"https:\/\/piloteslehavre.fr\/en\/\",\"name\":\"Station de Pilotage Le Havre - F\u00e9camp\",\"description\":\"\",\"potentialAction\":[{\"@type\":\"SearchAction\",\"target\":{\"@type\":\"EntryPoint\",\"urlTemplate\":\"https:\/\/piloteslehavre.fr\/en\/?s={search_term_string}\"},\"query-input\":{\"@type\":\"PropertyValueSpecification\",\"valueRequired\":true,\"valueName\":\"search_term_string\"}}],\"inLanguage\":\"en-US\"}]}<\/script>\n<!-- \/ Yoast SEO plugin. -->","yoast_head_json":{"title":"Photo gallery - Station de Pilotage Le Havre - F\u00e9camp","robots":{"index":"index","follow":"follow","max-snippet":"max-snippet:-1","max-image-preview":"max-image-preview:large","max-video-preview":"max-video-preview:-1"},"canonical":"https:\/\/piloteslehavre.fr\/medias\/galerie-photo\/","og_locale":"en_US","og_type":"article","og_title":"Photo gallery - Station de Pilotage Le Havre - F\u00e9camp","og_description":"[vc_row type=&#8221;in_container&#8221; full_screen_row_position=&#8221;middle&#8221; column_margin=&#8221;default&#8221; column_direction=&#8221;default&#8221; column_direction_tablet=&#8221;default&#8221; column_direction_phone=&#8221;default&#8221; scene_position=&#8221;center&#8221; top_padding=&#8221;3%&#8221; left_padding_desktop=&#8221;6%&#8221; constrain_group_2=&#8221;yes&#8221; right_padding_desktop=&#8221;6%&#8221; text_color=&#8221;dark&#8221; text_align=&#8221;left&#8221; row_border_radius=&#8221;none&#8221; row_border_radius_applies=&#8221;bg&#8221; overflow=&#8221;visible&#8221; overlay_strength=&#8221;0.3&#8243; gradient_direction=&#8221;left_to_right&#8221; shape_divider_position=&#8221;bottom&#8221; bg_image_animation=&#8221;none&#8221; gradient_type=&#8221;default&#8221; shape_type=&#8221;&#8221;][vc_column column_padding=&#8221;no-extra-padding&#8221; column_padding_tablet=&#8221;inherit&#8221; column_padding_phone=&#8221;inherit&#8221; column_padding_position=&#8221;all&#8221; column_element_direction_desktop=&#8221;default&#8221; column_element_spacing=&#8221;default&#8221; desktop_text_alignment=&#8221;default&#8221;...","og_url":"https:\/\/piloteslehavre.fr\/medias\/galerie-photo\/","og_site_name":"Station de Pilotage Le Havre - F\u00e9camp","article_modified_time":"2025-02-05T16:28:36+00:00","og_image":[{"width":1598,"height":948,"url":"https:\/\/piloteslehavre.fr\/wp-content\/uploads\/2025\/01\/topactu-pilhavre-17.jpg","type":"image\/jpeg"}],"twitter_card":"summary_large_image","twitter_misc":{"Est. reading time":"6 minutes"},"schema":{"@context":"https:\/\/schema.org","@graph":[{"@type":"WebPage","@id":"https:\/\/piloteslehavre.fr\/medias\/galerie-photo\/","url":"https:\/\/piloteslehavre.fr\/medias\/galerie-photo\/","name":"Photo gallery - Station de Pilotage Le Havre - F\u00e9camp","isPartOf":{"@id":"https:\/\/piloteslehavre.fr\/en\/#website"},"primaryImageOfPage":{"@id":"https:\/\/piloteslehavre.fr\/medias\/galerie-photo\/#primaryimage"},"image":{"@id":"https:\/\/piloteslehavre.fr\/medias\/galerie-photo\/#primaryimage"},"thumbnailUrl":"https:\/\/piloteslehavre.fr\/wp-content\/uploads\/2025\/01\/topactu-pilhavre-17.jpg","datePublished":"2024-12-09T14:29:39+00:00","dateModified":"2025-02-05T16:28:36+00:00","breadcrumb":{"@id":"https:\/\/piloteslehavre.fr\/medias\/galerie-photo\/#breadcrumb"},"inLanguage":"en-US","potentialAction":[{"@type":"ReadAction","target":["https:\/\/piloteslehavre.fr\/medias\/galerie-photo\/"]}]},{"@type":"ImageObject","inLanguage":"en-US","@id":"https:\/\/piloteslehavre.fr\/medias\/galerie-photo\/#primaryimage","url":"https:\/\/piloteslehavre.fr\/wp-content\/uploads\/2025\/01\/topactu-pilhavre-17.jpg","contentUrl":"https:\/\/piloteslehavre.fr\/wp-content\/uploads\/2025\/01\/topactu-pilhavre-17.jpg","width":1598,"height":948,"caption":"Le pilotage en images - Station de Pilotage Havre F\u00e9campEngagement de qualit\u00e9 - Station de Pilotage Havre F\u00e9camp"},{"@type":"BreadcrumbList","@id":"https:\/\/piloteslehavre.fr\/medias\/galerie-photo\/#breadcrumb","itemListElement":[{"@type":"ListItem","position":1,"name":"Accueil","item":"https:\/\/piloteslehavre.fr\/en\/"},{"@type":"ListItem","position":2,"name":"Media","item":"https:\/\/piloteslehavre.fr\/medias\/"},{"@type":"ListItem","position":3,"name":"Photo gallery"}]},{"@type":"WebSite","@id":"https:\/\/piloteslehavre.fr\/en\/#website","url":"https:\/\/piloteslehavre.fr\/en\/","name":"Station de Pilotage Le Havre - F\u00e9camp","description":"","potentialAction":[{"@type":"SearchAction","target":{"@type":"EntryPoint","urlTemplate":"https:\/\/piloteslehavre.fr\/en\/?s={search_term_string}"},"query-input":{"@type":"PropertyValueSpecification","valueRequired":true,"valueName":"search_term_string"}}],"inLanguage":"en-US"}]}},"_links":{"self":[{"href":"https:\/\/piloteslehavre.fr\/en\/wp-json\/wp\/v2\/pages\/3205","targetHints":{"allow":["GET"]}}],"collection":[{"href":"https:\/\/piloteslehavre.fr\/en\/wp-json\/wp\/v2\/pages"}],"about":[{"href":"https:\/\/piloteslehavre.fr\/en\/wp-json\/wp\/v2\/types\/page"}],"author":[{"embeddable":true,"href":"https:\/\/piloteslehavre.fr\/en\/wp-json\/wp\/v2\/users\/1"}],"replies":[{"embeddable":true,"href":"https:\/\/piloteslehavre.fr\/en\/wp-json\/wp\/v2\/comments?post=3205"}],"version-history":[{"count":9,"href":"https:\/\/piloteslehavre.fr\/en\/wp-json\/wp\/v2\/pages\/3205\/revisions"}],"predecessor-version":[{"id":4233,"href":"https:\/\/piloteslehavre.fr\/en\/wp-json\/wp\/v2\/pages\/3205\/revisions\/4233"}],"up":[{"embeddable":true,"href":"https:\/\/piloteslehavre.fr\/en\/wp-json\/wp\/v2\/pages\/3211"}],"wp:featuredmedia":[{"embeddable":true,"href":"https:\/\/piloteslehavre.fr\/en\/wp-json\/wp\/v2\/media\/3207"}],"wp:attachment":[{"href":"https:\/\/piloteslehavre.fr\/en\/wp-json\/wp\/v2\/media?parent=3205"}],"curies":[{"name":"wp","href":"https:\/\/api.w.org\/{rel}","templated":true}]}}